{"id":781,"date":"2018-10-09T10:03:12","date_gmt":"2018-10-09T10:03:12","guid":{"rendered":"https:\/\/sgcorretora.com.br\/index.php\/home\/"},"modified":"2022-05-03T13:14:48","modified_gmt":"2022-05-03T16:14:48","slug":"home","status":"publish","type":"page","link":"https:\/\/sgcorretora.com.br\/","title":{"rendered":"Home"},"content":{"rendered":"<style>\/*! elementor - v3.5.6 - 28-02-2022 *\/\n.elementor-heading-title{padding:0;margin:0;line-height:1}.elementor-widget-heading .elementor-heading-title[class*=elementor-size-]>a{color:inherit;font-size:inherit;line-height:inherit}.elementor-widget-heading .elementor-heading-title.elementor-size-small{font-size:15px}.elementor-widget-heading .elementor-heading-title.elementor-size-medium{font-size:19px}.elementor-widget-heading .elementor-heading-title.elementor-size-large{font-size:29px}.elementor-widget-heading .elementor-heading-title.elementor-size-xl{font-size:39px}.elementor-widget-heading .elementor-heading-title.elementor-size-xxl{font-size:59px}<\/style>\n<h2>A partir de 3 pessoas sua empresa j\u00e1 pode contar com Bradesco sa\u00fade!<\/h2>\n<p>Voc\u00ea EMPRES\u00c1RIO, \u00e0 partir de 3 vidas (voc\u00ea, sua esposa e filho), j\u00e1 pode usufruir do melhor plano de sa\u00fade do Estado de Mato Grosso!<\/p>\n<p>\t\t\t<a href=\"#cotacao\" role=\"button\"><br \/>\n\t\t\t\t\t\tSOLICITAR COTA\u00c7\u00c3O<br \/>\n\t\t\t\t\t<\/a><\/p>\n<h2>Receba uma cota\u00e7\u00e3o<\/h2>\n<p>Preencha os campos abaixo, entraremos em contato logo em seguida.<\/p>\n<p>\t\t\t<iframe loading=\"lazy\" src=\"https:\/\/docs.google.com\/forms\/d\/e\/1FAIpQLScDTBdN2U5EBTaynBh0DKSVolYwm12mdXykdc0v3l0vwnNStA\/viewform?embedded=true\" width=\"640\" height=\"1611\" frameborder=\"0\" marginheight=\"0\" marginwidth=\"0\">Carregando\u2026<\/iframe>\t\t<\/p>\n<h2>Melhor Plano de Sa\u00fade de Mato Grosso<\/h2>\n<style>\/*! elementor - v3.5.6 - 28-02-2022 *\/\n.elementor-widget-image-box .elementor-image-box-content{width:100%}@media (min-width:768px){.elementor-widget-image-box.elementor-position-left .elementor-image-box-wrapper,.elementor-widget-image-box.elementor-position-right .elementor-image-box-wrapper{display:-webkit-box;display:-ms-flexbox;display:flex}.elementor-widget-image-box.elementor-position-right .elementor-image-box-wrapper{text-align:right;-webkit-box-orient:horizontal;-webkit-box-direction:reverse;-ms-flex-direction:row-reverse;flex-direction:row-reverse}.elementor-widget-image-box.elementor-position-left .elementor-image-box-wrapper{text-align:left;-webkit-box-orient:horizontal;-webkit-box-direction:normal;-ms-flex-direction:row;flex-direction:row}.elementor-widget-image-box.elementor-position-top .elementor-image-box-img{margin:auto}.elementor-widget-image-box.elementor-vertical-align-top .elementor-image-box-wrapper{-webkit-box-align:start;-ms-flex-align:start;align-items:flex-start}.elementor-widget-image-box.elementor-vertical-align-middle .elementor-image-box-wrapper{-webkit-box-align:center;-ms-flex-align:center;align-items:center}.elementor-widget-image-box.elementor-vertical-align-bottom .elementor-image-box-wrapper{-webkit-box-align:end;-ms-flex-align:end;align-items:flex-end}}@media (max-width:767px){.elementor-widget-image-box .elementor-image-box-img{margin-left:auto!important;margin-right:auto!important;margin-bottom:15px}}.elementor-widget-image-box .elementor-image-box-img{display:inline-block}.elementor-widget-image-box .elementor-image-box-title a{color:inherit}.elementor-widget-image-box .elementor-image-box-wrapper{text-align:center}.elementor-widget-image-box .elementor-image-box-description{margin:0}<\/style>\n<figure><img decoding=\"async\" width=\"256\" height=\"256\" src=\"https:\/\/sgcorretora.com.br\/wp-content\/uploads\/2022\/03\/icon3.png\" alt=\"\" loading=\"lazy\" \/><\/figure>\n<h3>Desconto de at\u00e9 35%<\/h3>\n<p>Condi\u00e7\u00e3o especial para CNPJ, com descontos de at\u00e9 35%<\/p>\n<figure><img decoding=\"async\" width=\"256\" height=\"256\" src=\"https:\/\/sgcorretora.com.br\/wp-content\/uploads\/2022\/03\/icon1.png\" alt=\"\" loading=\"lazy\" \/><\/figure>\n<h3>Abrang\u00eancia Nacional<\/h3>\n<p>Plano aceito em todo territ\u00f3rio Nacional, com ampla rede de m\u00e9dicos credenciados.<\/p>\n<figure><img decoding=\"async\" width=\"256\" height=\"256\" src=\"https:\/\/sgcorretora.com.br\/wp-content\/uploads\/2022\/03\/icon2.png\" alt=\"\" loading=\"lazy\" \/><\/figure>\n<h3>Zero Coparticipa\u00e7\u00e3o<\/h3>\n<p>Mensalidade fixa, sem cobran\u00e7as adicionais pelo uso do Plano de Sa\u00fade.<\/p>\n<figure><img decoding=\"async\" width=\"256\" height=\"256\" src=\"https:\/\/sgcorretora.com.br\/wp-content\/uploads\/2022\/03\/icon4.png\" alt=\"\" loading=\"lazy\" \/><\/figure>\n<h3>Reembolso<\/h3>\n<p>Pode consultar com o m\u00e9dico de sua preferencia e solicitar o reembolso das despesas de acordo com a tabela contratada.<\/p>\n<figure><img decoding=\"async\" width=\"256\" height=\"256\" src=\"https:\/\/sgcorretora.com.br\/wp-content\/uploads\/2022\/03\/icon5.png\" alt=\"\" loading=\"lazy\" \/><\/figure>\n<h3>Telemedicina<\/h3>\n<p>A telemedicina Bradesco Sa\u00fade possui atendimento virtual 24 horas, 7 dias por semana, para esclarecimentos de<br \/>\n d\u00favidas ou orienta\u00e7\u00f5es m\u00e9dicas<\/p>\n<h2>Rede Credenciada<\/h2>\n<p>As melhores redes de hospitais e laborat\u00f3rios de Mato Grosso.<\/p>\n<style>\/*! elementor - v3.5.6 - 28-02-2022 *\/\n.elementor-widget-image{text-align:center}.elementor-widget-image a{display:inline-block}.elementor-widget-image a img[src$=\".svg\"]{width:48px}.elementor-widget-image img{vertical-align:middle;display:inline-block}<\/style>\n<p>\t\t\t\t\t\t\t\t\t\t\t\t<img decoding=\"async\" width=\"590\" height=\"283\" src=\"https:\/\/sgcorretora.com.br\/wp-content\/uploads\/2022\/03\/bnsegultaok2.jpg\" alt=\"\" loading=\"lazy\" srcset=\"https:\/\/sgcorretora.com.br\/wp-content\/uploads\/2022\/03\/bnsegultaok2.jpg 590w, https:\/\/sgcorretora.com.br\/wp-content\/uploads\/2022\/03\/bnsegultaok2-300x144.jpg 300w\" sizes=\"auto, (max-width: 590px) 100vw, 590px\" \/><\/p>\n","protected":false},"excerpt":{"rendered":"<p>A partir de 3 pessoas sua empresa j\u00e1 pode contar com Bradesco sa\u00fade! Voc\u00ea EMPRES\u00c1RIO, \u00e0 partir de 3 vidas (voc\u00ea, sua esposa e filho), j\u00e1 pode usufruir do melhor plano de sa\u00fade do Estado de Mato Grosso! SOLICITAR COTA\u00c7\u00c3O Receba uma cota\u00e7\u00e3o Preencha os campos abaixo, entraremos em contato logo em seguida. Carregando\u2026 Melhor &hellip;<\/p>\n<p class=\"read-more\"> <a class=\"\" href=\"https:\/\/sgcorretora.com.br\/\"> <span class=\"screen-reader-text\">Home<\/span> Leia mais &raquo;<\/a><\/p>\n","protected":false},"author":1,"featured_media":0,"parent":0,"menu_order":0,"comment_status":"closed","ping_status":"closed","template":"","meta":{"site-sidebar-layout":"no-sidebar","site-content-layout":"page-builder","ast-main-header-display":"","ast-hfb-above-header-display":"","ast-hfb-below-header-display":"","ast-hfb-mobile-header-display":"","site-post-title":"disabled","ast-breadcrumbs-content":"","ast-featured-img":"disabled","footer-sml-layout":"","theme-transparent-header-meta":"default","adv-header-id-meta":"","stick-header-meta":"","header-above-stick-meta":"","header-main-stick-meta":"","header-below-stick-meta":"","footnotes":""},"class_list":["post-781","page","type-page","status-publish","hentry"],"_links":{"self":[{"href":"https:\/\/sgcorretora.com.br\/index.php\/wp-json\/wp\/v2\/pages\/781","targetHints":{"allow":["GET"]}}],"collection":[{"href":"https:\/\/sgcorretora.com.br\/index.php\/wp-json\/wp\/v2\/pages"}],"about":[{"href":"https:\/\/sgcorretora.com.br\/index.php\/wp-json\/wp\/v2\/types\/page"}],"author":[{"embeddable":true,"href":"https:\/\/sgcorretora.com.br\/index.php\/wp-json\/wp\/v2\/users\/1"}],"replies":[{"embeddable":true,"href":"https:\/\/sgcorretora.com.br\/index.php\/wp-json\/wp\/v2\/comments?post=781"}],"version-history":[{"count":103,"href":"https:\/\/sgcorretora.com.br\/index.php\/wp-json\/wp\/v2\/pages\/781\/revisions"}],"predecessor-version":[{"id":964,"href":"https:\/\/sgcorretora.com.br\/index.php\/wp-json\/wp\/v2\/pages\/781\/revisions\/964"}],"wp:attachment":[{"href":"https:\/\/sgcorretora.com.br\/index.php\/wp-json\/wp\/v2\/media?parent=781"}],"curies":[{"name":"wp","href":"https:\/\/api.w.org\/{rel}","templated":true}]}}